{"id":296,"date":"2025-11-27T00:20:13","date_gmt":"2025-11-26T23:20:13","guid":{"rendered":"https:\/\/loicnomadtravel.blog\/password-reset\/"},"modified":"2025-11-27T00:20:13","modified_gmt":"2025-11-26T23:20:13","slug":"password-reset","status":"publish","type":"page","link":"https:\/\/loicnomadtravel.blog\/en\/password-reset\/","title":{"rendered":"R\u00e9initialisation du mot de passe"},"content":{"rendered":"<div class=\"um um-password um-um_password_id\">\n\t<div class=\"um-form\">\n\t\t<form method=\"post\" action=\"\" data-trp-original-action=\"\">\n\t\t\t\n\t\t\t\t<input type=\"hidden\" name=\"_um_password_reset\" id=\"_um_password_reset\" value=\"1\" \/>\n\n\t\t\t\t\t\t\t\t\t<div class=\"um-field um-field-block um-field-type_block\">\n\t\t\t\t\t\t<div class=\"um-field-block\">\n\t\t\t\t\t\t\t<div style=\"text-align:center;\">\n\t\t\t\t\t\t\t\tTo reset your password, please enter your email address or username below.\t\t\t\t\t\t\t<\/div>\n\t\t\t\t\t\t<\/div>\n\t\t\t\t\t<\/div>\n\t\t\t\t\t<div  id=\"um_field_0_username_b\" class=\"um-field um-field-text  um-field-username_b um-field-text um-field-type_text\" data-key=\"username_b\"><div class=\"um-field-area\"><input  autocomplete=\"off\" class=\"um-form-field valid\" type=\"text\" name=\"username_b\" id=\"username_b\" value=\"\" placeholder=\"Enter your username or email\" data-validate=\"\" data-key=\"username_b\"  aria-invalid=\"false\" \/>\n\n\t\t\t\t\t\t<\/div><\/div>\t\t\t\t<div class=\"um-col-alt um-col-alt-b\">\n\t\t\t\t\t<div class=\"um-center\">\n\t\t\t\t\t\t<input type=\"submit\" value=\"Reset password\" class=\"um-button\" id=\"um-submit-btn\" \/>\n\t\t\t\t\t<\/div>\n\t\t\t\t\t<div class=\"um-clear\"><\/div>\n\t\t\t\t<\/div>\n\t\t\t\t\t<input type=\"hidden\" name=\"form_id\" id=\"form_id_um_password_id\" value=\"um_password_id\" \/>\n\t\t<p class=\"um_request_name\">\n\t\t<label for=\"um_request_um_password_id\">Only fill in if you are not human<\/label>\n\t\t<input type=\"hidden\" name=\"um_request\" id=\"um_request_um_password_id\" class=\"input\" value=\"\" size=\"25\" autocomplete=\"off\" \/>\n\t<\/p>\n\t\t\t<input type=\"hidden\" name=\"trp-form-language\" value=\"en\"\/><\/form>\n\t<\/div>\n<\/div>\n<style>\n\t\t\t.um-um_password_id.um {\n\t\t\tmax-width: 450px;\n\t\t}\n\t\t<\/style>","protected":false},"excerpt":{"rendered":"","protected":false},"author":274133054,"featured_media":0,"parent":0,"menu_order":0,"comment_status":"closed","ping_status":"closed","template":"","meta":{"googlesitekit_rrm_CAowlbXDDA:productID":"","_crdt_document":"","advgb_blocks_editor_width":"","advgb_blocks_columns_visual_guide":"","footnotes":""},"class_list":["post-296","page","type-page","status-publish","hentry"],"yoast_head":"<!-- This site is optimized with the Yoast SEO plugin v27.5 - https:\/\/yoast.com\/product\/yoast-seo-wordpress\/ -->\n<title>R\u00e9initialisation du mot de passe - Les Carnets de Loic<\/title>\n<meta name=\"robots\" content=\"index, follow, max-snippet:-1, max-image-preview:large, max-video-preview:-1\" \/>\n<link rel=\"canonical\" href=\"https:\/\/loicnomadtravel.blog\/en\/password-reset\/\" \/>\n<meta property=\"og:locale\" content=\"en_GB\" \/>\n<meta property=\"og:type\" content=\"article\" \/>\n<meta property=\"og:title\" content=\"R\u00e9initialisation du mot de passe - Les Carnets de Loic\" \/>\n<meta property=\"og:url\" content=\"https:\/\/loicnomadtravel.blog\/en\/password-reset\/\" \/>\n<meta property=\"og:site_name\" content=\"Les Carnets de Loic\" \/>\n<meta name=\"twitter:card\" content=\"summary_large_image\" \/>\n<script type=\"application\/ld+json\" class=\"yoast-schema-graph\">{\"@context\":\"https:\\\/\\\/schema.org\",\"@graph\":[{\"@type\":\"WebPage\",\"@id\":\"https:\\\/\\\/loicnomadtravel.blog\\\/password-reset\\\/\",\"url\":\"https:\\\/\\\/loicnomadtravel.blog\\\/password-reset\\\/\",\"name\":\"R\u00e9initialisation du mot de passe - Les Carnets de Loic\",\"isPartOf\":{\"@id\":\"https:\\\/\\\/loicnomadtravel.blog\\\/#website\"},\"datePublished\":\"2025-11-26T23:20:13+00:00\",\"breadcrumb\":{\"@id\":\"https:\\\/\\\/loicnomadtravel.blog\\\/password-reset\\\/#breadcrumb\"},\"inLanguage\":\"en-GB\",\"potentialAction\":[{\"@type\":\"ReadAction\",\"target\":[\"https:\\\/\\\/loicnomadtravel.blog\\\/password-reset\\\/\"]}]},{\"@type\":\"BreadcrumbList\",\"@id\":\"https:\\\/\\\/loicnomadtravel.blog\\\/password-reset\\\/#breadcrumb\",\"itemListElement\":[{\"@type\":\"ListItem\",\"position\":1,\"name\":\"Accueil\",\"item\":\"https:\\\/\\\/loicnomadtravel.blog\\\/\"},{\"@type\":\"ListItem\",\"position\":2,\"name\":\"R\u00e9initialisation du mot de passe\"}]},{\"@type\":\"WebSite\",\"@id\":\"https:\\\/\\\/loicnomadtravel.blog\\\/#website\",\"url\":\"https:\\\/\\\/loicnomadtravel.blog\\\/\",\"name\":\"Les Carnets de Loic\",\"description\":\"Bienvenue sur Les Carnets de Loic : Votre guide pour des Voyages Culturels riches en Histoire et D\u00e9couvertes\",\"publisher\":{\"@id\":\"https:\\\/\\\/loicnomadtravel.blog\\\/#\\\/schema\\\/person\\\/68cda4afdea5408f102eceaaf524e7c5\"},\"potentialAction\":[{\"@type\":\"SearchAction\",\"target\":{\"@type\":\"EntryPoint\",\"urlTemplate\":\"https:\\\/\\\/loicnomadtravel.blog\\\/?s={search_term_string}\"},\"query-input\":{\"@type\":\"PropertyValueSpecification\",\"valueRequired\":true,\"valueName\":\"search_term_string\"}}],\"inLanguage\":\"en-GB\"},{\"@type\":[\"Person\",\"Organization\"],\"@id\":\"https:\\\/\\\/loicnomadtravel.blog\\\/#\\\/schema\\\/person\\\/68cda4afdea5408f102eceaaf524e7c5\",\"name\":\"loic renoud-grappin\",\"image\":{\"@type\":\"ImageObject\",\"inLanguage\":\"en-GB\",\"@id\":\"https:\\\/\\\/i0.wp.com\\\/loicnomadtravel.blog\\\/wp-content\\\/uploads\\\/2025\\\/11\\\/Gemini_Generated_Image_yoyja3yoyja3yoyj.png?fit=1024%2C1024&ssl=1\",\"url\":\"https:\\\/\\\/i0.wp.com\\\/loicnomadtravel.blog\\\/wp-content\\\/uploads\\\/2025\\\/11\\\/Gemini_Generated_Image_yoyja3yoyja3yoyj.png?fit=1024%2C1024&ssl=1\",\"contentUrl\":\"https:\\\/\\\/i0.wp.com\\\/loicnomadtravel.blog\\\/wp-content\\\/uploads\\\/2025\\\/11\\\/Gemini_Generated_Image_yoyja3yoyja3yoyj.png?fit=1024%2C1024&ssl=1\",\"width\":1024,\"height\":1024,\"caption\":\"loic renoud-grappin\"},\"logo\":{\"@id\":\"https:\\\/\\\/i0.wp.com\\\/loicnomadtravel.blog\\\/wp-content\\\/uploads\\\/2025\\\/11\\\/Gemini_Generated_Image_yoyja3yoyja3yoyj.png?fit=1024%2C1024&ssl=1\"},\"sameAs\":[\"http:\\\/\\\/loicrg69-ocymi.wordpress.com\",\"https:\\\/\\\/www.instagram.com\\\/bensisko86\\\/\"]}]}<\/script>\n<!-- \/ Yoast SEO plugin. -->","yoast_head_json":{"title":"R\u00e9initialisation du mot de passe - Les Carnets de Loic","robots":{"index":"index","follow":"follow","max-snippet":"max-snippet:-1","max-image-preview":"max-image-preview:large","max-video-preview":"max-video-preview:-1"},"canonical":"https:\/\/loicnomadtravel.blog\/en\/password-reset\/","og_locale":"en_GB","og_type":"article","og_title":"R\u00e9initialisation du mot de passe - Les Carnets de Loic","og_url":"https:\/\/loicnomadtravel.blog\/en\/password-reset\/","og_site_name":"Les Carnets de Loic","twitter_card":"summary_large_image","schema":{"@context":"https:\/\/schema.org","@graph":[{"@type":"WebPage","@id":"https:\/\/loicnomadtravel.blog\/password-reset\/","url":"https:\/\/loicnomadtravel.blog\/password-reset\/","name":"R\u00e9initialisation du mot de passe - Les Carnets de Loic","isPartOf":{"@id":"https:\/\/loicnomadtravel.blog\/#website"},"datePublished":"2025-11-26T23:20:13+00:00","breadcrumb":{"@id":"https:\/\/loicnomadtravel.blog\/password-reset\/#breadcrumb"},"inLanguage":"en-GB","potentialAction":[{"@type":"ReadAction","target":["https:\/\/loicnomadtravel.blog\/password-reset\/"]}]},{"@type":"BreadcrumbList","@id":"https:\/\/loicnomadtravel.blog\/password-reset\/#breadcrumb","itemListElement":[{"@type":"ListItem","position":1,"name":"Accueil","item":"https:\/\/loicnomadtravel.blog\/"},{"@type":"ListItem","position":2,"name":"R\u00e9initialisation du mot de passe"}]},{"@type":"WebSite","@id":"https:\/\/loicnomadtravel.blog\/#website","url":"https:\/\/loicnomadtravel.blog\/","name":"Loic's Notebooks","description":"Bienvenue sur Les Carnets de Loic : Votre guide pour des Voyages Culturels riches en Histoire et D\u00e9couvertes","publisher":{"@id":"https:\/\/loicnomadtravel.blog\/#\/schema\/person\/68cda4afdea5408f102eceaaf524e7c5"},"potentialAction":[{"@type":"SearchAction","target":{"@type":"EntryPoint","urlTemplate":"https:\/\/loicnomadtravel.blog\/?s={search_term_string}"},"query-input":{"@type":"PropertyValueSpecification","valueRequired":true,"valueName":"search_term_string"}}],"inLanguage":"en-GB"},{"@type":["Person","Organization"],"@id":"https:\/\/loicnomadtravel.blog\/#\/schema\/person\/68cda4afdea5408f102eceaaf524e7c5","name":"loic renoud-grappin","image":{"@type":"ImageObject","inLanguage":"en-GB","@id":"https:\/\/i0.wp.com\/loicnomadtravel.blog\/wp-content\/uploads\/2025\/11\/Gemini_Generated_Image_yoyja3yoyja3yoyj.png?fit=1024%2C1024&ssl=1","url":"https:\/\/i0.wp.com\/loicnomadtravel.blog\/wp-content\/uploads\/2025\/11\/Gemini_Generated_Image_yoyja3yoyja3yoyj.png?fit=1024%2C1024&ssl=1","contentUrl":"https:\/\/i0.wp.com\/loicnomadtravel.blog\/wp-content\/uploads\/2025\/11\/Gemini_Generated_Image_yoyja3yoyja3yoyj.png?fit=1024%2C1024&ssl=1","width":1024,"height":1024,"caption":"loic renoud-grappin"},"logo":{"@id":"https:\/\/i0.wp.com\/loicnomadtravel.blog\/wp-content\/uploads\/2025\/11\/Gemini_Generated_Image_yoyja3yoyja3yoyj.png?fit=1024%2C1024&ssl=1"},"sameAs":["http:\/\/loicrg69-ocymi.wordpress.com","https:\/\/www.instagram.com\/bensisko86\/"]}]}},"coauthors":[],"author_meta":{"author_link":"https:\/\/loicnomadtravel.blog\/en\/author\/loicrg69\/","display_name":"loic renoud-grappin"},"relative_dates":{"created":"Posted 5 months ago","modified":"Updated 5 months ago"},"absolute_dates":{"created":"Posted on 27 November 2025","modified":"Updated on 27 November 2025"},"absolute_dates_time":{"created":"Posted on 27 November 2025 00:20","modified":"Updated on 27 November 2025 00:20"},"featured_img_caption":"","featured_img":false,"series_order":"","jetpack_likes_enabled":true,"jetpack_sharing_enabled":true,"jetpack_shortlink":"https:\/\/wp.me\/PgWwci-4M","jetpack-related-posts":[{"id":267,"url":"https:\/\/loicnomadtravel.blog\/en\/politique-de-confidentialite\/","url_meta":{"origin":296,"position":0},"title":"Politique de Confidentialit\u00e9 du Blog LoicNomadTravel.blog","author":"loic renoud-grappin","date":"26 November 2025","format":false,"excerpt":"Article 1 : Introduction et Identification Cette Politique de Confidentialit\u00e9 d\u00e9crit la mani\u00e8re dont Loic Renoud-Grappin (ci-apr\u00e8s \u00ab nous \u00bb ou \u00ab le Blog \u00bb) collecte, utilise et prot\u00e8ge les informations personnelles que vous nous fournissez lorsque vous utilisez le site LoicNomadTravel.blog. Responsable du traitement : Loic Renoud-Grappin Adresse e-mail\u2026","rel":"","context":"Similar post","block_context":{"text":"Similar post","link":""},"img":{"alt_text":"","src":"","width":0,"height":0},"classes":[]}],"_links":{"self":[{"href":"https:\/\/loicnomadtravel.blog\/en\/wp-json\/wp\/v2\/pages\/296","targetHints":{"allow":["GET"]}}],"collection":[{"href":"https:\/\/loicnomadtravel.blog\/en\/wp-json\/wp\/v2\/pages"}],"about":[{"href":"https:\/\/loicnomadtravel.blog\/en\/wp-json\/wp\/v2\/types\/page"}],"author":[{"embeddable":true,"href":"https:\/\/loicnomadtravel.blog\/en\/wp-json\/wp\/v2\/users\/274133054"}],"replies":[{"embeddable":true,"href":"https:\/\/loicnomadtravel.blog\/en\/wp-json\/wp\/v2\/comments?post=296"}],"version-history":[{"count":0,"href":"https:\/\/loicnomadtravel.blog\/en\/wp-json\/wp\/v2\/pages\/296\/revisions"}],"wp:attachment":[{"href":"https:\/\/loicnomadtravel.blog\/en\/wp-json\/wp\/v2\/media?parent=296"}],"curies":[{"name":"wp","href":"https:\/\/api.w.org\/{rel}","templated":true}]}}